{"id":2194,"date":"2026-03-05T19:56:39","date_gmt":"2026-03-05T18:56:39","guid":{"rendered":"https:\/\/iesfuentealta.com\/?page_id=2194"},"modified":"2026-04-14T19:17:35","modified_gmt":"2026-04-14T18:17:35","slug":"departamento-de-cultura-clasica","status":"publish","type":"page","link":"https:\/\/iesfuentealta.com\/index.php\/departamento-de-cultura-clasica\/","title":{"rendered":"Departamento de Cultura Cl\u00e1sica"},"content":{"rendered":"\t\t<div data-elementor-type=\"wp-page\" data-elementor-id=\"2194\" class=\"elementor elementor-2194\" data-elementor-post-type=\"page\">\n\t\t\t\t\t\t<section class=\"elementor-section elementor-top-section elementor-element elementor-element-63f7197 elementor-section-boxed elementor-section-height-default elementor-section-height-default wpr-particle-no wpr-jarallax-no wpr-parallax-no wpr-sticky-section-no\" data-id=\"63f7197\" data-element_type=\"section\" data-settings=\"{&quot;background_background&quot;:&quot;classic&quot;}\">\n\t\t\t\t\t\t<div class=\"elementor-container elementor-column-gap-default\">\n\t\t\t\t\t<div class=\"elementor-column elementor-col-100 elementor-top-column elementor-element elementor-element-bad9e0e elementor-invisible\" data-id=\"bad9e0e\" data-element_type=\"column\" data-settings=\"{&quot;animation&quot;:&quot;fadeIn&quot;,&quot;animation_delay&quot;:400}\">\n\t\t\t<div class=\"elementor-widget-wrap elementor-element-populated\">\n\t\t\t\t\t\t<div class=\"elementor-element elementor-element-3620312 elementor-widget elementor-widget-image\" data-id=\"3620312\" data-element_type=\"widget\" data-widget_type=\"image.default\">\n\t\t\t\t<div class=\"elementor-widget-container\">\n\t\t\t\t\t\t\t\t\t\t\t\t\t\t\t<img decoding=\"async\" src=\"https:\/\/iesfuentealta.com\/wp-content\/uploads\/elementor\/thumbs\/cultura-clasica-rk2p2krmn1yqqpr6dke9t2be01sqjb2fsg7pxeykco.jpg\" title=\"cultura clasica\" alt=\"Signature: ynx9sEOHynOboyp2348XsQQEvGzr4KN2PDUkHLhMYE0zIkc3ytFY1jMDwFScRNPleekAczPQID\/ncta\/tzbMhdrjxn0mdDbT3OJtarzYZay0mYQk2CU857o6AEFN1fmZzod8f6Dc8wgYORnVODZGHGxctiw\/yhbF4A2OI+j6GAvRGHqM59SLn6VnfG5\/FrKAJzCzgB4OXSo28FazOs1hko7yErKoaFSKjx7I2eQESd1iqEuwCtN8fnvI6WoU+VYJKJrnQ9VZWZdxkfP22qtxsAN26+WT07l3ldtyJwH1moWkSY2NUodQk9VbtK8NcubF\" loading=\"lazy\" \/>\t\t\t\t\t\t\t\t\t\t\t\t\t\t\t<\/div>\n\t\t\t\t<\/div>\n\t\t\t\t\t<\/div>\n\t\t<\/div>\n\t\t\t\t\t<\/div>\n\t\t<\/section>\n\t\t\t\t<section class=\"elementor-section elementor-top-section elementor-element elementor-element-f854f48 elementor-section-boxed elementor-section-height-default elementor-section-height-default wpr-particle-no wpr-jarallax-no wpr-parallax-no wpr-sticky-section-no\" data-id=\"f854f48\" data-element_type=\"section\" data-settings=\"{&quot;background_background&quot;:&quot;classic&quot;}\">\n\t\t\t\t\t\t<div class=\"elementor-container elementor-column-gap-default\">\n\t\t\t\t\t<div class=\"elementor-column elementor-col-50 elementor-top-column elementor-element elementor-element-92970a9\" data-id=\"92970a9\" data-element_type=\"column\">\n\t\t\t<div class=\"elementor-widget-wrap elementor-element-populated\">\n\t\t\t\t\t\t<div class=\"elementor-element elementor-element-95675b3 elementor-cta--skin-classic elementor-animated-content elementor-bg-transform elementor-bg-transform-zoom-in elementor-widget elementor-widget-call-to-action\" data-id=\"95675b3\" data-element_type=\"widget\" data-widget_type=\"call-to-action.default\">\n\t\t\t\t<div class=\"elementor-widget-container\">\n\t\t\t\t\t\t\t<div class=\"elementor-cta\">\n\t\t\t\t\t<div class=\"elementor-cta__bg-wrapper\">\n\t\t\t\t<div class=\"elementor-cta__bg elementor-bg\" style=\"background-image: url(https:\/\/iesfuentealta.com\/wp-content\/uploads\/2026\/03\/griego-1024x687.jpg);\" role=\"img\" aria-label=\"Signature: A7NOG+ANz2nghD06AmBDkI9ebpAdiet\/Z7AcTv0tVY6iWeLje15wGVa\/E7kulhr4v0csopxqdoVwHngCBEYj5ZnhTZDnd4pK4G3sfoFV0hMRjy2F4fl9K2HeWUgzJTUmv2PMPDAFDaT0WCnLx8jbM48fZST0xl5ZfhUKf+PGzmUqopigwi8HoQ+gQ9CXMlp5KlGQItVUfMvR0RrXnvNhkrdPuLxRjXosGVFy\/3RjfUybZef1\/aN7+8cZdMaGYGduo5uCLyrdNF+blfGAFC3FnMTUvkdl+jdUtSb7\/7RMLWmt5AM7JrEm4jvErTXHBSVQ\"><\/div>\n\t\t\t\t<div class=\"elementor-cta__bg-overlay\"><\/div>\n\t\t\t<\/div>\n\t\t\t\t\t\t\t<div class=\"elementor-cta__content\">\n\t\t\t\t\n\t\t\t\t\t\t\t\t\t<h2 class=\"elementor-cta__title elementor-cta__content-item elementor-content-item\">\n\t\t\t\t\t\tProgramaci\u00f3n did\u00e1ctica de Griego\t\t\t\t\t<\/h2>\n\t\t\t\t\n\t\t\t\t\n\t\t\t\t\t\t\t\t\t<div class=\"elementor-cta__button-wrapper elementor-cta__content-item elementor-content-item \">\n\t\t\t\t\t<a class=\"elementor-cta__button elementor-button elementor-size-\" href=\"http:\/\/iesfuentealta.com\/wp-content\/uploads\/2026\/03\/PDGriego.pdf\">\n\t\t\t\t\t\tClick Aqu\u00ed\t\t\t\t\t<\/a>\n\t\t\t\t\t<\/div>\n\t\t\t\t\t\t\t<\/div>\n\t\t\t\t\t\t<\/div>\n\t\t\t\t\t\t<\/div>\n\t\t\t\t<\/div>\n\t\t\t\t\t<\/div>\n\t\t<\/div>\n\t\t\t\t<div class=\"elementor-column elementor-col-50 elementor-top-column elementor-element elementor-element-9de06c2\" data-id=\"9de06c2\" data-element_type=\"column\">\n\t\t\t<div class=\"elementor-widget-wrap elementor-element-populated\">\n\t\t\t\t\t\t<div class=\"elementor-element elementor-element-58996db elementor-cta--skin-classic elementor-animated-content elementor-bg-transform elementor-bg-transform-zoom-in elementor-widget elementor-widget-call-to-action\" data-id=\"58996db\" data-element_type=\"widget\" data-widget_type=\"call-to-action.default\">\n\t\t\t\t<div class=\"elementor-widget-container\">\n\t\t\t\t\t\t\t<div class=\"elementor-cta\">\n\t\t\t\t\t<div class=\"elementor-cta__bg-wrapper\">\n\t\t\t\t<div class=\"elementor-cta__bg elementor-bg\" style=\"background-image: url(https:\/\/iesfuentealta.com\/wp-content\/uploads\/2026\/03\/latin-1024x687.jpg);\" role=\"img\" aria-label=\"Signature: +5f2lpnoiIRMrGjNPj3vUDN8gXdMd7Ad8NIPtNaQY61xqrOOBL5RjTtyJJjqNOoI6JLrYTpqE5wu8J7EocpmUccQNYez5\/cnXysOrxxOW9DBSQW5gbUfc+Fs+pJazAkYuPze3KTZcDFz3KTfJ1GJo+LqcI5873Oq2SpYLPagLrg+vPOW4gMokPJxEHk6aA1TXeJ8S+DR7O16DElNk1bH15afLMBSO8QAab07rp4\/7++0Fo8sz7LLzYjKv9SEzF5eX9wL5wSUzQmkg9pobqbZVNl16VJSWM5q12446ERPlJEhmwtQiPCdJhyxUOkPtE07\"><\/div>\n\t\t\t\t<div class=\"elementor-cta__bg-overlay\"><\/div>\n\t\t\t<\/div>\n\t\t\t\t\t\t\t<div class=\"elementor-cta__content\">\n\t\t\t\t\n\t\t\t\t\t\t\t\t\t<h2 class=\"elementor-cta__title elementor-cta__content-item elementor-content-item\">\n\t\t\t\t\t\tProgramaci\u00f3n did\u00e1ctica de Lat\u00edn\t\t\t\t\t<\/h2>\n\t\t\t\t\n\t\t\t\t\n\t\t\t\t\t\t\t\t\t<div class=\"elementor-cta__button-wrapper elementor-cta__content-item elementor-content-item \">\n\t\t\t\t\t<a class=\"elementor-cta__button elementor-button elementor-size-\" href=\"http:\/\/iesfuentealta.com\/wp-content\/uploads\/2026\/03\/PDLatin.pdf\">\n\t\t\t\t\t\tClick Aqu\u00ed\t\t\t\t\t<\/a>\n\t\t\t\t\t<\/div>\n\t\t\t\t\t\t\t<\/div>\n\t\t\t\t\t\t<\/div>\n\t\t\t\t\t\t<\/div>\n\t\t\t\t<\/div>\n\t\t\t\t\t<\/div>\n\t\t<\/div>\n\t\t\t\t\t<\/div>\n\t\t<\/section>\n\t\t\t\t<\/div>\n\t\t","protected":false},"excerpt":{"rendered":"<p>Programaci\u00f3n did\u00e1ctica de Griego Click Aqu\u00ed Programaci\u00f3n did\u00e1ctica de Lat\u00edn Click Aqu\u00ed<\/p>\n","protected":false},"author":1,"featured_media":0,"parent":0,"menu_order":0,"comment_status":"closed","ping_status":"closed","template":"","meta":{"_uag_custom_page_level_css":"","site-sidebar-layout":"no-sidebar","site-content-layout":"","ast-site-content-layout":"full-width-container","site-content-style":"default","site-sidebar-style":"default","ast-global-header-display":"","ast-banner-title-visibility":"","ast-main-header-display":"","ast-hfb-above-header-display":"","ast-hfb-below-header-display":"","ast-hfb-mobile-header-display":"","site-post-title":"disabled","ast-breadcrumbs-content":"","ast-featured-img":"disabled","footer-sml-layout":"","ast-disable-related-posts":"","theme-transparent-header-meta":"","adv-header-id-meta":"","stick-header-meta":"","header-above-stick-meta":"","header-main-stick-meta":"","header-below-stick-meta":"","astra-migrate-meta-layouts":"default","ast-page-background-enabled":"default","ast-page-background-meta":{"desktop":{"background-color":"var(--ast-global-color-5)","background-image":"","background-repeat":"repeat","background-position":"center center","background-size":"auto","background-attachment":"scroll","background-type":"","background-media":"","overlay-type":"","overlay-color":"","overlay-opacity":"","overlay-gradient":""},"tablet":{"background-color":"","background-image":"","background-repeat":"repeat","background-position":"center center","background-size":"auto","background-attachment":"scroll","background-type":"","background-media":"","overlay-type":"","overlay-color":"","overlay-opacity":"","overlay-gradient":""},"mobile":{"background-color":"","background-image":"","background-repeat":"repeat","background-position":"center center","background-size":"auto","background-attachment":"scroll","background-type":"","background-media":"","overlay-type":"","overlay-color":"","overlay-opacity":"","overlay-gradient":""}},"ast-content-background-meta":{"desktop":{"background-color":"var(--ast-global-color-4)","background-image":"","background-repeat":"repeat","background-position":"center center","background-size":"auto","background-attachment":"scroll","background-type":"","background-media":"","overlay-type":"","overlay-color":"","overlay-opacity":"","overlay-gradient":""},"tablet":{"background-color":"var(--ast-global-color-4)","background-image":"","background-repeat":"repeat","background-position":"center center","background-size":"auto","background-attachment":"scroll","background-type":"","background-media":"","overlay-type":"","overlay-color":"","overlay-opacity":"","overlay-gradient":""},"mobile":{"background-color":"var(--ast-global-color-4)","background-image":"","background-repeat":"repeat","background-position":"center center","background-size":"auto","background-attachment":"scroll","background-type":"","background-media":"","overlay-type":"","overlay-color":"","overlay-opacity":"","overlay-gradient":""}},"footnotes":""},"class_list":["post-2194","page","type-page","status-publish","hentry"],"uagb_featured_image_src":{"full":false,"thumbnail":false,"medium":false,"medium_large":false,"large":false,"1536x1536":false,"2048x2048":false},"uagb_author_info":{"display_name":"admin7083","author_link":"https:\/\/iesfuentealta.com\/index.php\/author\/admin7083\/"},"uagb_comment_info":0,"uagb_excerpt":"Programaci\u00f3n did\u00e1ctica de Griego Click Aqu\u00ed Programaci\u00f3n did\u00e1ctica de Lat\u00edn Click Aqu\u00ed","_links":{"self":[{"href":"https:\/\/iesfuentealta.com\/index.php\/wp-json\/wp\/v2\/pages\/2194","targetHints":{"allow":["GET"]}}],"collection":[{"href":"https:\/\/iesfuentealta.com\/index.php\/wp-json\/wp\/v2\/pages"}],"about":[{"href":"https:\/\/iesfuentealta.com\/index.php\/wp-json\/wp\/v2\/types\/page"}],"author":[{"embeddable":true,"href":"https:\/\/iesfuentealta.com\/index.php\/wp-json\/wp\/v2\/users\/1"}],"replies":[{"embeddable":true,"href":"https:\/\/iesfuentealta.com\/index.php\/wp-json\/wp\/v2\/comments?post=2194"}],"version-history":[{"count":41,"href":"https:\/\/iesfuentealta.com\/index.php\/wp-json\/wp\/v2\/pages\/2194\/revisions"}],"predecessor-version":[{"id":2431,"href":"https:\/\/iesfuentealta.com\/index.php\/wp-json\/wp\/v2\/pages\/2194\/revisions\/2431"}],"wp:attachment":[{"href":"https:\/\/iesfuentealta.com\/index.php\/wp-json\/wp\/v2\/media?parent=2194"}],"curies":[{"name":"wp","href":"https:\/\/api.w.org\/{rel}","templated":true}]}}