{"id":1904,"date":"2025-12-22T18:35:31","date_gmt":"2025-12-22T17:35:31","guid":{"rendered":"http:\/\/iesfuentealta.com\/?page_id=1904"},"modified":"2025-12-22T18:55:30","modified_gmt":"2025-12-22T17:55:30","slug":"entradas","status":"publish","type":"page","link":"https:\/\/iesfuentealta.com\/index.php\/entradas\/","title":{"rendered":"ENTRADAS"},"content":{"rendered":"\t\t<div data-elementor-type=\"wp-page\" data-elementor-id=\"1904\" class=\"elementor elementor-1904\" data-elementor-post-type=\"page\">\n\t\t\t\t\t\t<section class=\"elementor-section elementor-top-section elementor-element elementor-element-bf7b02c elementor-section-boxed elementor-section-height-default elementor-section-height-default wpr-particle-no wpr-jarallax-no wpr-parallax-no wpr-sticky-section-no\" data-id=\"bf7b02c\" data-element_type=\"section\">\n\t\t\t\t\t\t<div class=\"elementor-container elementor-column-gap-default\">\n\t\t\t\t\t<div class=\"elementor-column elementor-col-100 elementor-top-column elementor-element elementor-element-631454e\" data-id=\"631454e\" data-element_type=\"column\">\n\t\t\t<div class=\"elementor-widget-wrap elementor-element-populated\">\n\t\t\t\t\t\t<div class=\"elementor-element elementor-element-5b022fa elementor-grid-3 elementor-grid-tablet-2 elementor-grid-mobile-1 elementor-posts--thumbnail-top elementor-posts--show-avatar elementor-card-shadow-yes elementor-posts__hover-gradient load-more-align-center elementor-widget elementor-widget-posts\" data-id=\"5b022fa\" data-element_type=\"widget\" data-settings=\"{&quot;pagination_type&quot;:&quot;load_more_on_click&quot;,&quot;cards_columns&quot;:&quot;3&quot;,&quot;cards_columns_tablet&quot;:&quot;2&quot;,&quot;cards_columns_mobile&quot;:&quot;1&quot;,&quot;cards_row_gap&quot;:{&quot;unit&quot;:&quot;px&quot;,&quot;size&quot;:35,&quot;sizes&quot;:[]},&quot;cards_row_gap_tablet&quot;:{&quot;unit&quot;:&quot;px&quot;,&quot;size&quot;:&quot;&quot;,&quot;sizes&quot;:[]},&quot;cards_row_gap_mobile&quot;:{&quot;unit&quot;:&quot;px&quot;,&quot;size&quot;:&quot;&quot;,&quot;sizes&quot;:[]},&quot;load_more_spinner&quot;:{&quot;value&quot;:&quot;fas fa-spinner&quot;,&quot;library&quot;:&quot;fa-solid&quot;}}\" data-widget_type=\"posts.cards\">\n\t\t\t\t<div class=\"elementor-widget-container\">\n\t\t\t\t\t\t\t<div class=\"elementor-posts-container elementor-posts elementor-posts--skin-cards elementor-grid\" role=\"list\">\n\t\t\t\t<article class=\"elementor-post elementor-grid-item post-1857 post type-post status-publish format-standard has-post-thumbnail hentry category-excursiones category-non-classe\" role=\"listitem\">\n\t\t\t<div class=\"elementor-post__card\">\n\t\t\t\t<a class=\"elementor-post__thumbnail__link\" href=\"https:\/\/iesfuentealta.com\/index.php\/2025\/10\/10\/i-encuentro-de-estudiantes-red-memoria\/\" tabindex=\"-1\" ><div class=\"elementor-post__thumbnail\"><img fetchpriority=\"high\" decoding=\"async\" width=\"300\" height=\"225\" src=\"https:\/\/iesfuentealta.com\/wp-content\/uploads\/2025\/10\/IMG_6438-scaled-1-300x225.jpg\" class=\"attachment-medium size-medium wp-image-1862\" alt=\"\" srcset=\"https:\/\/iesfuentealta.com\/wp-content\/uploads\/2025\/10\/IMG_6438-scaled-1-300x225.jpg 300w, https:\/\/iesfuentealta.com\/wp-content\/uploads\/2025\/10\/IMG_6438-scaled-1-1024x768.jpg 1024w, https:\/\/iesfuentealta.com\/wp-content\/uploads\/2025\/10\/IMG_6438-scaled-1-768x576.jpg 768w, https:\/\/iesfuentealta.com\/wp-content\/uploads\/2025\/10\/IMG_6438-scaled-1-1536x1152.jpg 1536w, https:\/\/iesfuentealta.com\/wp-content\/uploads\/2025\/10\/IMG_6438-scaled-1-2048x1536.jpg 2048w\" sizes=\"(max-width: 300px) 100vw, 300px\" \/><\/div><\/a>\n\t\t\t\t<div class=\"elementor-post__badge\">EXCURSIONES<\/div>\n\t\t\t\t<div class=\"elementor-post__avatar\">\n\t\t\t<img alt='admin7083' src='https:\/\/secure.gravatar.com\/avatar\/60577b7b4a96a279ef08a95507c713b509c32b733625658537d39032b13d6e90?s=128&#038;d=mm&#038;r=g' srcset='https:\/\/secure.gravatar.com\/avatar\/60577b7b4a96a279ef08a95507c713b509c32b733625658537d39032b13d6e90?s=256&#038;d=mm&#038;r=g 2x' class='avatar avatar-128 photo' height='128' width='128' \/>\t\t<\/div>\n\t\t\t\t<div class=\"elementor-post__text\">\n\t\t\t\t<h3 class=\"elementor-post__title\">\n\t\t\t<a href=\"https:\/\/iesfuentealta.com\/index.php\/2025\/10\/10\/i-encuentro-de-estudiantes-red-memoria\/\" >\n\t\t\t\tI Encuentro de estudiantes Red Memoria\t\t\t<\/a>\n\t\t<\/h3>\n\t\t\t\t<div class=\"elementor-post__excerpt\">\n\t\t\t<p>Hemos arrancado el curso participando en una actividad muy interesante: el primer encuentro nacional de estudiantes de la Red memoria. Del jueves 2 al s\u00e1bado 4 de octubre, cinco de nuestros estudiantes de 1\u00ba y 2\u00ba de bachillerato acompa\u00f1ados por los profesores Germ\u00e1n Fuentes Valle y Cristina S\u00e1nchez Garc\u00eda han<\/p>\n\t\t<\/div>\n\t\t\n\t\t<a class=\"elementor-post__read-more\" href=\"https:\/\/iesfuentealta.com\/index.php\/2025\/10\/10\/i-encuentro-de-estudiantes-red-memoria\/\" aria-label=\"Read more about I Encuentro de estudiantes Red Memoria\" tabindex=\"-1\" >\n\t\t\tSeguir leyendo\t\t<\/a>\n\n\t\t\t\t<\/div>\n\t\t\t\t<div class=\"elementor-post__meta-data\">\n\t\t\t\t\t<span class=\"elementor-post-date\">\n\t\t\t10\/10\/2025\t\t<\/span>\n\t\t\t\t<span class=\"elementor-post-avatar\">\n\t\t\tNo hay comentarios\t\t<\/span>\n\t\t\t\t<\/div>\n\t\t\t\t\t<\/div>\n\t\t<\/article>\n\t\t\t\t<article class=\"elementor-post elementor-grid-item post-1851 post type-post status-publish format-standard has-post-thumbnail hentry category-ensenanzas category-non-classe\" role=\"listitem\">\n\t\t\t<div class=\"elementor-post__card\">\n\t\t\t\t<a class=\"elementor-post__thumbnail__link\" href=\"https:\/\/iesfuentealta.com\/index.php\/2025\/09\/11\/inicio-del-curso-escolar-25-26\/\" tabindex=\"-1\" ><div class=\"elementor-post__thumbnail\"><img decoding=\"async\" width=\"240\" height=\"300\" src=\"https:\/\/iesfuentealta.com\/wp-content\/uploads\/2025\/09\/1-1-240x300.jpg\" class=\"attachment-medium size-medium wp-image-1854\" alt=\"\" srcset=\"https:\/\/iesfuentealta.com\/wp-content\/uploads\/2025\/09\/1-1-240x300.jpg 240w, https:\/\/iesfuentealta.com\/wp-content\/uploads\/2025\/09\/1-1-819x1024.jpg 819w, https:\/\/iesfuentealta.com\/wp-content\/uploads\/2025\/09\/1-1-768x960.jpg 768w, https:\/\/iesfuentealta.com\/wp-content\/uploads\/2025\/09\/1-1.jpg 1080w\" sizes=\"(max-width: 240px) 100vw, 240px\" \/><\/div><\/a>\n\t\t\t\t<div class=\"elementor-post__badge\">ENSE\u00d1ANZAS<\/div>\n\t\t\t\t<div class=\"elementor-post__avatar\">\n\t\t\t<img alt='admin7083' src='https:\/\/secure.gravatar.com\/avatar\/60577b7b4a96a279ef08a95507c713b509c32b733625658537d39032b13d6e90?s=128&#038;d=mm&#038;r=g' srcset='https:\/\/secure.gravatar.com\/avatar\/60577b7b4a96a279ef08a95507c713b509c32b733625658537d39032b13d6e90?s=256&#038;d=mm&#038;r=g 2x' class='avatar avatar-128 photo' height='128' width='128' \/>\t\t<\/div>\n\t\t\t\t<div class=\"elementor-post__text\">\n\t\t\t\t<h3 class=\"elementor-post__title\">\n\t\t\t<a href=\"https:\/\/iesfuentealta.com\/index.php\/2025\/09\/11\/inicio-del-curso-escolar-25-26\/\" >\n\t\t\t\tInicio del curso escolar 25-26\t\t\t<\/a>\n\t\t<\/h3>\n\t\t\t\t<div class=\"elementor-post__excerpt\">\n\t\t\t<p>Estimada comunidad educativa: El lunes 15 de septiembre comienza el curso. Este a\u00f1o\u00a0 tendremos una entrada flexible por lo que TODOS LOS CURSOS entrar\u00e1n a las 10:00. La primera hora estar\u00e1n con su tutor o tutora, a las 11:00 ser\u00e1 el recreo y luego todos los cursos tendr\u00e1n clase normal<\/p>\n\t\t<\/div>\n\t\t\n\t\t<a class=\"elementor-post__read-more\" href=\"https:\/\/iesfuentealta.com\/index.php\/2025\/09\/11\/inicio-del-curso-escolar-25-26\/\" aria-label=\"Read more about Inicio del curso escolar 25-26\" tabindex=\"-1\" >\n\t\t\tSeguir leyendo\t\t<\/a>\n\n\t\t\t\t<\/div>\n\t\t\t\t<div class=\"elementor-post__meta-data\">\n\t\t\t\t\t<span class=\"elementor-post-date\">\n\t\t\t11\/09\/2025\t\t<\/span>\n\t\t\t\t<span class=\"elementor-post-avatar\">\n\t\t\tNo hay comentarios\t\t<\/span>\n\t\t\t\t<\/div>\n\t\t\t\t\t<\/div>\n\t\t<\/article>\n\t\t\t\t<article class=\"elementor-post elementor-grid-item post-1839 post type-post status-publish format-standard has-post-thumbnail hentry category-non-classe\" role=\"listitem\">\n\t\t\t<div class=\"elementor-post__card\">\n\t\t\t\t<a class=\"elementor-post__thumbnail__link\" href=\"https:\/\/iesfuentealta.com\/index.php\/2025\/06\/30\/matriculacion-eso-y-bachillerato\/\" tabindex=\"-1\" ><div class=\"elementor-post__thumbnail\"><img decoding=\"async\" width=\"300\" height=\"200\" src=\"https:\/\/iesfuentealta.com\/wp-content\/uploads\/2025\/06\/Noticias_Escolarizacion-300x200.jpeg\" class=\"attachment-medium size-medium wp-image-1840\" alt=\"\" srcset=\"https:\/\/iesfuentealta.com\/wp-content\/uploads\/2025\/06\/Noticias_Escolarizacion-300x200.jpeg 300w, https:\/\/iesfuentealta.com\/wp-content\/uploads\/2025\/06\/Noticias_Escolarizacion-1024x683.jpeg 1024w, https:\/\/iesfuentealta.com\/wp-content\/uploads\/2025\/06\/Noticias_Escolarizacion-768x512.jpeg 768w, https:\/\/iesfuentealta.com\/wp-content\/uploads\/2025\/06\/Noticias_Escolarizacion.jpeg 1200w\" sizes=\"(max-width: 300px) 100vw, 300px\" \/><\/div><\/a>\n\t\t\t\t<div class=\"elementor-post__badge\">Noticias<\/div>\n\t\t\t\t<div class=\"elementor-post__avatar\">\n\t\t\t<img alt='admin7083' src='https:\/\/secure.gravatar.com\/avatar\/60577b7b4a96a279ef08a95507c713b509c32b733625658537d39032b13d6e90?s=128&#038;d=mm&#038;r=g' srcset='https:\/\/secure.gravatar.com\/avatar\/60577b7b4a96a279ef08a95507c713b509c32b733625658537d39032b13d6e90?s=256&#038;d=mm&#038;r=g 2x' class='avatar avatar-128 photo' height='128' width='128' \/>\t\t<\/div>\n\t\t\t\t<div class=\"elementor-post__text\">\n\t\t\t\t<h3 class=\"elementor-post__title\">\n\t\t\t<a href=\"https:\/\/iesfuentealta.com\/index.php\/2025\/06\/30\/matriculacion-eso-y-bachillerato\/\" >\n\t\t\t\tMatriculaci\u00f3n ESO y Bachillerato\t\t\t<\/a>\n\t\t<\/h3>\n\t\t\t\t<div class=\"elementor-post__excerpt\">\n\t\t\t<p>Estimadas familias: Este a\u00f1o vamos a realizar la matriculaci\u00f3n (del 1 al 10 de julio) electr\u00f3nicamente desde la Secretar\u00eda Virtual. Para realizar la matriculaci\u00f3n tienen 2 opciones: 1. Hacerlo ustedes mismos desde casa en la web https:\/\/www.juntadeandalucia.es\/educacion\/secretariavirtual\/ con ayuda del tutorial que les facilitamos https:\/\/youtu.be\/4DJMuJSb1bU?feature=shared 2. Acudir al centro entre<\/p>\n\t\t<\/div>\n\t\t\n\t\t<a class=\"elementor-post__read-more\" href=\"https:\/\/iesfuentealta.com\/index.php\/2025\/06\/30\/matriculacion-eso-y-bachillerato\/\" aria-label=\"Read more about Matriculaci\u00f3n ESO y Bachillerato\" tabindex=\"-1\" >\n\t\t\tSeguir leyendo\t\t<\/a>\n\n\t\t\t\t<\/div>\n\t\t\t\t<div class=\"elementor-post__meta-data\">\n\t\t\t\t\t<span class=\"elementor-post-date\">\n\t\t\t30\/06\/2025\t\t<\/span>\n\t\t\t\t<span class=\"elementor-post-avatar\">\n\t\t\tNo hay comentarios\t\t<\/span>\n\t\t\t\t<\/div>\n\t\t\t\t\t<\/div>\n\t\t<\/article>\n\t\t\t\t<article class=\"elementor-post elementor-grid-item post-1831 post type-post status-publish format-standard has-post-thumbnail hentry category-excursiones category-non-classe\" role=\"listitem\">\n\t\t\t<div class=\"elementor-post__card\">\n\t\t\t\t<a class=\"elementor-post__thumbnail__link\" href=\"https:\/\/iesfuentealta.com\/index.php\/2025\/06\/23\/fin-de-curso-2024-25\/\" tabindex=\"-1\" ><div class=\"elementor-post__thumbnail\"><img loading=\"lazy\" decoding=\"async\" width=\"212\" height=\"300\" src=\"https:\/\/iesfuentealta.com\/wp-content\/uploads\/2025\/06\/23-jul-2300-3-212x300.jpg\" class=\"attachment-medium size-medium wp-image-1832\" alt=\"\" srcset=\"https:\/\/iesfuentealta.com\/wp-content\/uploads\/2025\/06\/23-jul-2300-3-212x300.jpg 212w, https:\/\/iesfuentealta.com\/wp-content\/uploads\/2025\/06\/23-jul-2300-3-724x1024.jpg 724w, https:\/\/iesfuentealta.com\/wp-content\/uploads\/2025\/06\/23-jul-2300-3-768x1086.jpg 768w, https:\/\/iesfuentealta.com\/wp-content\/uploads\/2025\/06\/23-jul-2300-3-1086x1536.jpg 1086w, https:\/\/iesfuentealta.com\/wp-content\/uploads\/2025\/06\/23-jul-2300-3.jpg 1414w\" sizes=\"(max-width: 212px) 100vw, 212px\" \/><\/div><\/a>\n\t\t\t\t<div class=\"elementor-post__badge\">EXCURSIONES<\/div>\n\t\t\t\t<div class=\"elementor-post__avatar\">\n\t\t\t<img alt='admin7083' src='https:\/\/secure.gravatar.com\/avatar\/60577b7b4a96a279ef08a95507c713b509c32b733625658537d39032b13d6e90?s=128&#038;d=mm&#038;r=g' srcset='https:\/\/secure.gravatar.com\/avatar\/60577b7b4a96a279ef08a95507c713b509c32b733625658537d39032b13d6e90?s=256&#038;d=mm&#038;r=g 2x' class='avatar avatar-128 photo' height='128' width='128' \/>\t\t<\/div>\n\t\t\t\t<div class=\"elementor-post__text\">\n\t\t\t\t<h3 class=\"elementor-post__title\">\n\t\t\t<a href=\"https:\/\/iesfuentealta.com\/index.php\/2025\/06\/23\/fin-de-curso-2024-25\/\" >\n\t\t\t\tFin de curso 2024-25\t\t\t<\/a>\n\t\t<\/h3>\n\t\t\t\t<div class=\"elementor-post__excerpt\">\n\t\t\t<p>Hoy es el \u00faltimo d\u00eda del curso 24-25 y nos gustar\u00eda hacer balance de todo lo realizado durante el curso. En primer lugar, debemos agradecer a nuestro profesorado el grado de implicaci\u00f3n, profesionalidad y dedicaci\u00f3n con su trabajo y con el aprendizaje y bienestar del alumnado. Han dise\u00f1ado, pensado y<\/p>\n\t\t<\/div>\n\t\t\n\t\t<a class=\"elementor-post__read-more\" href=\"https:\/\/iesfuentealta.com\/index.php\/2025\/06\/23\/fin-de-curso-2024-25\/\" aria-label=\"Read more about Fin de curso 2024-25\" tabindex=\"-1\" >\n\t\t\tSeguir leyendo\t\t<\/a>\n\n\t\t\t\t<\/div>\n\t\t\t\t<div class=\"elementor-post__meta-data\">\n\t\t\t\t\t<span class=\"elementor-post-date\">\n\t\t\t23\/06\/2025\t\t<\/span>\n\t\t\t\t<span class=\"elementor-post-avatar\">\n\t\t\tNo hay comentarios\t\t<\/span>\n\t\t\t\t<\/div>\n\t\t\t\t\t<\/div>\n\t\t<\/article>\n\t\t\t\t<article class=\"elementor-post elementor-grid-item post-1827 post type-post status-publish format-standard has-post-thumbnail hentry category-non-classe\" role=\"listitem\">\n\t\t\t<div class=\"elementor-post__card\">\n\t\t\t\t<a class=\"elementor-post__thumbnail__link\" href=\"https:\/\/iesfuentealta.com\/index.php\/2025\/06\/12\/notas-pau\/\" tabindex=\"-1\" ><div class=\"elementor-post__thumbnail\"><img loading=\"lazy\" decoding=\"async\" width=\"300\" height=\"170\" src=\"https:\/\/iesfuentealta.com\/wp-content\/uploads\/2025\/06\/IMG_F6BFA5E7780C-1-300x170.jpeg\" class=\"attachment-medium size-medium wp-image-1828\" alt=\"\" srcset=\"https:\/\/iesfuentealta.com\/wp-content\/uploads\/2025\/06\/IMG_F6BFA5E7780C-1-300x170.jpeg 300w, https:\/\/iesfuentealta.com\/wp-content\/uploads\/2025\/06\/IMG_F6BFA5E7780C-1-768x435.jpeg 768w, https:\/\/iesfuentealta.com\/wp-content\/uploads\/2025\/06\/IMG_F6BFA5E7780C-1.jpeg 828w\" sizes=\"(max-width: 300px) 100vw, 300px\" \/><\/div><\/a>\n\t\t\t\t<div class=\"elementor-post__badge\">Noticias<\/div>\n\t\t\t\t<div class=\"elementor-post__avatar\">\n\t\t\t<img alt='admin7083' src='https:\/\/secure.gravatar.com\/avatar\/60577b7b4a96a279ef08a95507c713b509c32b733625658537d39032b13d6e90?s=128&#038;d=mm&#038;r=g' srcset='https:\/\/secure.gravatar.com\/avatar\/60577b7b4a96a279ef08a95507c713b509c32b733625658537d39032b13d6e90?s=256&#038;d=mm&#038;r=g 2x' class='avatar avatar-128 photo' height='128' width='128' \/>\t\t<\/div>\n\t\t\t\t<div class=\"elementor-post__text\">\n\t\t\t\t<h3 class=\"elementor-post__title\">\n\t\t\t<a href=\"https:\/\/iesfuentealta.com\/index.php\/2025\/06\/12\/notas-pau\/\" >\n\t\t\t\tNotas PAU\t\t\t<\/a>\n\t\t<\/h3>\n\t\t\t\t<div class=\"elementor-post__excerpt\">\n\t\t\t<p>Queremos felicitar a nuestro alumnado de 2\u00ba de bachillerato que se gradu\u00f3 el d\u00eda 5 de junio por los excelentes resultados obtenidos en las pruebas de selectividad. \u00a1Vuestro esfuerzo ha tenido su recompensa! Se han presentado a la convocatoria ordinaria 21 de los 28 alumnos y han obtenido una media<\/p>\n\t\t<\/div>\n\t\t\n\t\t<a class=\"elementor-post__read-more\" href=\"https:\/\/iesfuentealta.com\/index.php\/2025\/06\/12\/notas-pau\/\" aria-label=\"Read more about Notas PAU\" tabindex=\"-1\" >\n\t\t\tSeguir leyendo\t\t<\/a>\n\n\t\t\t\t<\/div>\n\t\t\t\t<div class=\"elementor-post__meta-data\">\n\t\t\t\t\t<span class=\"elementor-post-date\">\n\t\t\t12\/06\/2025\t\t<\/span>\n\t\t\t\t<span class=\"elementor-post-avatar\">\n\t\t\tNo hay comentarios\t\t<\/span>\n\t\t\t\t<\/div>\n\t\t\t\t\t<\/div>\n\t\t<\/article>\n\t\t\t\t<article class=\"elementor-post elementor-grid-item post-1806 post type-post status-publish format-standard has-post-thumbnail hentry category-igualdad category-non-classe\" role=\"listitem\">\n\t\t\t<div class=\"elementor-post__card\">\n\t\t\t\t<a class=\"elementor-post__thumbnail__link\" href=\"https:\/\/iesfuentealta.com\/index.php\/2025\/04\/22\/resumen-de-la-xxi-semana-de-la-igualdad-del-31-de-marzo-al-4-de-abril-de-2025\/\" tabindex=\"-1\" ><div class=\"elementor-post__thumbnail\"><img loading=\"lazy\" decoding=\"async\" width=\"300\" height=\"294\" src=\"https:\/\/iesfuentealta.com\/wp-content\/uploads\/2025\/03\/IMG_4566-300x294.jpg\" class=\"attachment-medium size-medium wp-image-1804\" alt=\"\" srcset=\"https:\/\/iesfuentealta.com\/wp-content\/uploads\/2025\/03\/IMG_4566-300x294.jpg 300w, https:\/\/iesfuentealta.com\/wp-content\/uploads\/2025\/03\/IMG_4566.jpg 684w\" sizes=\"(max-width: 300px) 100vw, 300px\" \/><\/div><\/a>\n\t\t\t\t<div class=\"elementor-post__badge\">IGUALDAD<\/div>\n\t\t\t\t<div class=\"elementor-post__avatar\">\n\t\t\t<img alt='admin7083' src='https:\/\/secure.gravatar.com\/avatar\/60577b7b4a96a279ef08a95507c713b509c32b733625658537d39032b13d6e90?s=128&#038;d=mm&#038;r=g' srcset='https:\/\/secure.gravatar.com\/avatar\/60577b7b4a96a279ef08a95507c713b509c32b733625658537d39032b13d6e90?s=256&#038;d=mm&#038;r=g 2x' class='avatar avatar-128 photo' height='128' width='128' \/>\t\t<\/div>\n\t\t\t\t<div class=\"elementor-post__text\">\n\t\t\t\t<h3 class=\"elementor-post__title\">\n\t\t\t<a href=\"https:\/\/iesfuentealta.com\/index.php\/2025\/04\/22\/resumen-de-la-xxi-semana-de-la-igualdad-del-31-de-marzo-al-4-de-abril-de-2025\/\" >\n\t\t\t\tResumen de la XXI Semana de la Igualdad &#8211; Del 31 de marzo al 4 de abril de 2025\t\t\t<\/a>\n\t\t<\/h3>\n\t\t\t\t<div class=\"elementor-post__excerpt\">\n\t\t\t<p>La XXI Semana de la Igualdad del IES Fuente Alta ha concluido con un \u00e9xito rotundo. Hemos dedicado la tem\u00e1tica de esta semana a la salud mental. Un tema delicado y que debemos poner de relieve dado el incremento de adolescentes que muestran problemas de ansiedad, depresi\u00f3n, autolesiones, trastornos alimenticios<\/p>\n\t\t<\/div>\n\t\t\n\t\t<a class=\"elementor-post__read-more\" href=\"https:\/\/iesfuentealta.com\/index.php\/2025\/04\/22\/resumen-de-la-xxi-semana-de-la-igualdad-del-31-de-marzo-al-4-de-abril-de-2025\/\" aria-label=\"Read more about Resumen de la XXI Semana de la Igualdad &#8211; Del 31 de marzo al 4 de abril de 2025\" tabindex=\"-1\" >\n\t\t\tSeguir leyendo\t\t<\/a>\n\n\t\t\t\t<\/div>\n\t\t\t\t<div class=\"elementor-post__meta-data\">\n\t\t\t\t\t<span class=\"elementor-post-date\">\n\t\t\t22\/04\/2025\t\t<\/span>\n\t\t\t\t<span class=\"elementor-post-avatar\">\n\t\t\tNo hay comentarios\t\t<\/span>\n\t\t\t\t<\/div>\n\t\t\t\t\t<\/div>\n\t\t<\/article>\n\t\t\t\t<\/div>\n\t\t\t\t\t<span class=\"e-load-more-spinner\">\n\t\t\t\t<i aria-hidden=\"true\" class=\"fas fa-spinner\"><\/i>\t\t\t<\/span>\n\t\t\n\t\t\t\t<div class=\"e-load-more-anchor\" data-page=\"1\" data-max-page=\"3\" data-next-page=\"https:\/\/iesfuentealta.com\/index.php\/wp-json\/wp\/v2\/pages\/1904\/page\/2\/\"><\/div>\n\t\t\t\t<div class=\"elementor-button-wrapper\">\n\t\t\t<a class=\"elementor-button elementor-size-sm\" role=\"button\">\n\t\t\t\t\t\t<span class=\"elementor-button-content-wrapper\">\n\t\t\t\t\t\t\t\t\t<span class=\"elementor-button-text\">Cargar mas<\/span>\n\t\t\t\t\t<\/span>\n\t\t\t\t\t<\/a>\n\t\t<\/div>\n\t\t\t\t<div class=\"e-load-more-message\"><\/div>\n\t\t\t\t\t\t<\/div>\n\t\t\t\t<\/div>\n\t\t\t\t\t<\/div>\n\t\t<\/div>\n\t\t\t\t\t<\/div>\n\t\t<\/section>\n\t\t\t\t<\/div>\n\t\t","protected":false},"excerpt":{"rendered":"","protected":false},"author":1,"featured_media":0,"parent":0,"menu_order":0,"comment_status":"closed","ping_status":"closed","template":"","meta":{"_uag_custom_page_level_css":"","site-sidebar-layout":"no-sidebar","site-content-layout":"","ast-site-content-layout":"full-width-container","site-content-style":"default","site-sidebar-style":"default","ast-global-header-display":"","ast-banner-title-visibility":"","ast-main-header-display":"","ast-hfb-above-header-display":"","ast-hfb-below-header-display":"","ast-hfb-mobile-header-display":"","site-post-title":"disabled","ast-breadcrumbs-content":"","ast-featured-img":"disabled","footer-sml-layout":"","ast-disable-related-posts":"","theme-transparent-header-meta":"","adv-header-id-meta":"","stick-header-meta":"","header-above-stick-meta":"","header-main-stick-meta":"","header-below-stick-meta":"","astra-migrate-meta-layouts":"default","ast-page-background-enabled":"default","ast-page-background-meta":{"desktop":{"background-color":"var(--ast-global-color-5)","background-image":"","background-repeat":"repeat","background-position":"center center","background-size":"auto","background-attachment":"scroll","background-type":"","background-media":"","overlay-type":"","overlay-color":"","overlay-opacity":"","overlay-gradient":""},"tablet":{"background-color":"","background-image":"","background-repeat":"repeat","background-position":"center center","background-size":"auto","background-attachment":"scroll","background-type":"","background-media":"","overlay-type":"","overlay-color":"","overlay-opacity":"","overlay-gradient":""},"mobile":{"background-color":"","background-image":"","background-repeat":"repeat","background-position":"center center","background-size":"auto","background-attachment":"scroll","background-type":"","background-media":"","overlay-type":"","overlay-color":"","overlay-opacity":"","overlay-gradient":""}},"ast-content-background-meta":{"desktop":{"background-color":"var(--ast-global-color-4)","background-image":"","background-repeat":"repeat","background-position":"center center","background-size":"auto","background-attachment":"scroll","background-type":"","background-media":"","overlay-type":"","overlay-color":"","overlay-opacity":"","overlay-gradient":""},"tablet":{"background-color":"var(--ast-global-color-4)","background-image":"","background-repeat":"repeat","background-position":"center center","background-size":"auto","background-attachment":"scroll","background-type":"","background-media":"","overlay-type":"","overlay-color":"","overlay-opacity":"","overlay-gradient":""},"mobile":{"background-color":"var(--ast-global-color-4)","background-image":"","background-repeat":"repeat","background-position":"center center","background-size":"auto","background-attachment":"scroll","background-type":"","background-media":"","overlay-type":"","overlay-color":"","overlay-opacity":"","overlay-gradient":""}},"footnotes":""},"class_list":["post-1904","page","type-page","status-publish","hentry"],"uagb_featured_image_src":{"full":false,"thumbnail":false,"medium":false,"medium_large":false,"large":false,"1536x1536":false,"2048x2048":false},"uagb_author_info":{"display_name":"admin7083","author_link":"https:\/\/iesfuentealta.com\/index.php\/author\/admin7083\/"},"uagb_comment_info":0,"uagb_excerpt":null,"_links":{"self":[{"href":"https:\/\/iesfuentealta.com\/index.php\/wp-json\/wp\/v2\/pages\/1904","targetHints":{"allow":["GET"]}}],"collection":[{"href":"https:\/\/iesfuentealta.com\/index.php\/wp-json\/wp\/v2\/pages"}],"about":[{"href":"https:\/\/iesfuentealta.com\/index.php\/wp-json\/wp\/v2\/types\/page"}],"author":[{"embeddable":true,"href":"https:\/\/iesfuentealta.com\/index.php\/wp-json\/wp\/v2\/users\/1"}],"replies":[{"embeddable":true,"href":"https:\/\/iesfuentealta.com\/index.php\/wp-json\/wp\/v2\/comments?post=1904"}],"version-history":[{"count":8,"href":"https:\/\/iesfuentealta.com\/index.php\/wp-json\/wp\/v2\/pages\/1904\/revisions"}],"predecessor-version":[{"id":1913,"href":"https:\/\/iesfuentealta.com\/index.php\/wp-json\/wp\/v2\/pages\/1904\/revisions\/1913"}],"wp:attachment":[{"href":"https:\/\/iesfuentealta.com\/index.php\/wp-json\/wp\/v2\/media?parent=1904"}],"curies":[{"name":"wp","href":"https:\/\/api.w.org\/{rel}","templated":true}]}}