{"id":1883,"date":"2019-09-06T19:11:00","date_gmt":"2019-09-06T17:11:00","guid":{"rendered":"http:\/\/iesfuentealta.es\/?page_id=118"},"modified":"2019-09-06T19:11:00","modified_gmt":"2019-09-06T17:11:00","slug":"secretaria","status":"publish","type":"page","link":"https:\/\/iesfuentealta.com\/index.php\/secretaria\/","title":{"rendered":"SECRETARIA"},"content":{"rendered":"\n<p>La ventanilla abre todos los d\u00edas de 09:00 a 10:00  y de 12:00 a 13:00 horas.<\/p>\n\n\n\n<p><\/p>\n\n\n\n<p><span style=\"background-color:rgba(0, 0, 0, 0)\" class=\"has-inline-color has-vivid-red-color\">MATRICULACI\u00d3N<\/span> <\/p>\n\n\n\n<p><span style=\"background-color:rgba(0, 0, 0, 0)\" class=\"has-inline-color has-vivid-red-color\">Servicios complementarios<\/span>:<\/p>\n\n\n\n<ul class=\"wp-block-list\">\n<li><span style=\"background-color:rgba(0, 0, 0, 0)\" class=\"has-inline-color has-vivid-red-color\">Solicitud de Transporte:<\/span> <a href=\"https:\/\/drive.google.com\/file\/d\/14rI6JmaZcFSsJOBFRIwtx226rksmTdK8\/view?usp=sharing\" data-type=\"link\" data-id=\"https:\/\/drive.google.com\/file\/d\/14rI6JmaZcFSsJOBFRIwtx226rksmTdK8\/view?usp=sharing\">Anexo III<\/a><\/li>\n\n\n\n<li><span style=\"background-color:rgba(0, 0, 0, 0)\" class=\"has-inline-color has-vivid-red-color\">Servicio de Comedor:<\/span> <a href=\"https:\/\/drive.google.com\/file\/d\/1_eHNIew1tTCUBQoG1hd89XqH5PahQBNF\/view?usp=sharing\" data-type=\"link\" data-id=\"https:\/\/drive.google.com\/file\/d\/1_eHNIew1tTCUBQoG1hd89XqH5PahQBNF\/view?usp=sharing\">Anexo II<\/a><\/li>\n\n\n\n<li><span style=\"background-color:rgba(0, 0, 0, 0)\" class=\"has-inline-color has-vivid-red-color\">Bonificaci\u00f3n Comedor:<\/span> <a href=\"https:\/\/drive.google.com\/file\/d\/1v-VduCPQ0rblKmq_ARhnhGtY3Zoqia6r\/view?usp=sharing\" data-type=\"link\" data-id=\"https:\/\/drive.google.com\/file\/d\/1v-VduCPQ0rblKmq_ARhnhGtY3Zoqia6r\/view?usp=sharing\">Anexo V<\/a><\/li>\n<\/ul>\n\n\n\n<p class=\"has-text-align-left\">y<\/p>\n\n\n\n<p> <span style=\"background-color:rgba(0, 0, 0, 0)\" class=\"has-inline-color has-vivid-red-color\">La documentaci\u00f3n que proceda de la que se ofrece a continuaci\u00f3n:<\/span><\/p>\n\n\n\n<p><\/p>\n\n\n\n<p><strong><mark style=\"background-color:rgba(0, 0, 0, 0)\" class=\"has-inline-color has-vivid-red-color\">MATR\u00cdCULA DE 1\u00ba ESO<\/mark><\/strong><\/p>\n\n\n\n<p><a href=\"https:\/\/docs.google.com\/document\/d\/1WLn3ROSoiJdLxdLKI9o79whEVn7ikTiY\/edit?usp=sharing&amp;ouid=109968877218475245839&amp;rtpof=true&amp;sd=true\">Documentaci\u00f3n a aportar en 1\u00ba de la ESO<\/a><\/p>\n\n\n\n<p><a href=\"https:\/\/drive.google.com\/file\/d\/1YfujhvryDCvabWzSqaqQ8wgTpkh2jneC\/view?usp=sharing\">Hoja de matr\u00edcula de 1\u00ba de la ESO<\/a><\/p>\n\n\n\n<p><a href=\"https:\/\/docs.google.com\/document\/d\/1kIcZb9MOq1bK3ksAHvOiFsGyWMLmsvi8\/edit?usp=sharing&amp;ouid=109968877218475245839&amp;rtpof=true&amp;sd=true\" data-type=\"link\" data-id=\"https:\/\/docs.google.com\/document\/d\/1kIcZb9MOq1bK3ksAHvOiFsGyWMLmsvi8\/edit?usp=sharing&amp;ouid=109968877218475245839&amp;rtpof=true&amp;sd=true\">Normas del centro<\/a><\/p>\n\n\n\n<p><a href=\"https:\/\/docs.google.com\/document\/d\/1FPJ813fmR4ys1-jPMc6DnAIKncFh7r3Z\/edit?usp=sharing&amp;ouid=109968877218475245839&amp;rtpof=true&amp;sd=true\" data-type=\"link\" data-id=\"https:\/\/docs.google.com\/document\/d\/1FPJ813fmR4ys1-jPMc6DnAIKncFh7r3Z\/edit?usp=sharing&amp;ouid=109968877218475245839&amp;rtpof=true&amp;sd=true\">Optativa y derecho a la imagen 1\u00ba de la ESO<\/a><\/p>\n\n\n\n<p><\/p>\n\n\n\n<p><strong><mark style=\"background-color:rgba(0, 0, 0, 0)\" class=\"has-inline-color has-vivid-red-color\">MATR\u00cdCULA DE 2\u00ba ESO<\/mark><\/strong><\/p>\n\n\n\n<p><a href=\"https:\/\/docs.google.com\/document\/d\/1v7Z7CXmkcmTg5ctOsYdxlsZBWNEL-aBz\/edit?usp=sharing&amp;ouid=109968877218475245839&amp;rtpof=true&amp;sd=true\" data-type=\"link\" data-id=\"https:\/\/docs.google.com\/document\/d\/1v7Z7CXmkcmTg5ctOsYdxlsZBWNEL-aBz\/edit?usp=sharing&amp;ouid=109968877218475245839&amp;rtpof=true&amp;sd=true\">Documentaci\u00f3n a aportar en 2\u00ba de la ESO<\/a><\/p>\n\n\n\n<p><a href=\"https:\/\/drive.google.com\/file\/d\/1PaErVm4L41fnMNvBji2T2wwU3yVLUxRn\/view?usp=sharing\">Hoja de matr\u00edcula de 2\u00ba de la ESO<\/a><\/p>\n\n\n\n<p><a href=\"https:\/\/docs.google.com\/document\/d\/1zpefbA5ji67PWj-AZ3h2w7ynwQ_PKLsM\/edit?usp=sharing&amp;ouid=109968877218475245839&amp;rtpof=true&amp;sd=true\">Normas del centro<\/a><\/p>\n\n\n\n<p><a href=\"https:\/\/docs.google.com\/document\/d\/130LG--CIH2Lc2mBFhcjYchscePB_awzu\/edit?usp=sharing&amp;ouid=109968877218475245839&amp;rtpof=true&amp;sd=true\" data-type=\"link\" data-id=\"https:\/\/docs.google.com\/document\/d\/130LG--CIH2Lc2mBFhcjYchscePB_awzu\/edit?usp=sharing&amp;ouid=109968877218475245839&amp;rtpof=true&amp;sd=true\">Optativas y derecho a la imagen 2\u00ba de la ESO<\/a><\/p>\n\n\n\n<p><\/p>\n\n\n\n<p><mark style=\"background-color:rgba(0, 0, 0, 0)\" class=\"has-inline-color has-vivid-red-color\"><strong>MATR\u00cdCULA DE 3\u00ba ESO<\/strong><\/mark><\/p>\n\n\n\n<p><a href=\"https:\/\/docs.google.com\/document\/d\/1EPvsKvph4ESDviEmspBX04lBI250x0_U\/edit?usp=sharing&amp;ouid=109968877218475245839&amp;rtpof=true&amp;sd=true\" data-type=\"link\" data-id=\"https:\/\/docs.google.com\/document\/d\/1EPvsKvph4ESDviEmspBX04lBI250x0_U\/edit?usp=sharing&amp;ouid=109968877218475245839&amp;rtpof=true&amp;sd=true\">Documentaci\u00f3n a aportar en 3\u00ba de la ESO<\/a><\/p>\n\n\n\n<p><a href=\"https:\/\/drive.google.com\/file\/d\/16f3_CsFuUMLG8_LvATet0QojY4uxriFX\/view?usp=sharing\" data-type=\"link\" data-id=\"https:\/\/drive.google.com\/file\/d\/16f3_CsFuUMLG8_LvATet0QojY4uxriFX\/view?usp=sharing\">Hoja de matr\u00edcula de 3\u00ba de la ESO<\/a><\/p>\n\n\n\n<p><a href=\"https:\/\/docs.google.com\/document\/d\/1vP2eCbu7bFvbl4geBYBaGgyGBXKpiXr_\/edit?usp=sharing&amp;ouid=109968877218475245839&amp;rtpof=true&amp;sd=true\" data-type=\"link\" data-id=\"https:\/\/docs.google.com\/document\/d\/1vP2eCbu7bFvbl4geBYBaGgyGBXKpiXr_\/edit?usp=sharing&amp;ouid=109968877218475245839&amp;rtpof=true&amp;sd=true\">Normas del centro<\/a><\/p>\n\n\n\n<p><a href=\"https:\/\/docs.google.com\/document\/d\/1TvBwEm_U3TYeRgdgnzytpSdCjESIeBSq\/edit?usp=sharing&amp;ouid=109968877218475245839&amp;rtpof=true&amp;sd=true\" data-type=\"link\" data-id=\"https:\/\/docs.google.com\/document\/d\/1TvBwEm_U3TYeRgdgnzytpSdCjESIeBSq\/edit?usp=sharing&amp;ouid=109968877218475245839&amp;rtpof=true&amp;sd=true\">Optativas y derecho a la imagen 3\u00ba de la ESO<\/a><\/p>\n\n\n\n<p><\/p>\n\n\n\n<p><strong><mark style=\"background-color:rgba(0, 0, 0, 0)\" class=\"has-inline-color has-vivid-red-color\">MATR\u00cdCULA DE 4\u00ba ESO<\/mark><\/strong><\/p>\n\n\n\n<p><a href=\"https:\/\/docs.google.com\/document\/d\/15cWFgL8fa6IDVIFFlrn1KMI-CL0PY-7o\/edit?usp=sharing&amp;ouid=109968877218475245839&amp;rtpof=true&amp;sd=true\" data-type=\"link\" data-id=\"https:\/\/docs.google.com\/document\/d\/15cWFgL8fa6IDVIFFlrn1KMI-CL0PY-7o\/edit?usp=sharing&amp;ouid=109968877218475245839&amp;rtpof=true&amp;sd=true\">Documentaci\u00f3n a aportar en 4\u00ba de la ESO<\/a><\/p>\n\n\n\n<p><a href=\"https:\/\/drive.google.com\/file\/d\/1BgtvLBswKPB8W8lRlAYXJkmEmeV-sVTY\/view?usp=sharing\" data-type=\"link\" data-id=\"https:\/\/drive.google.com\/file\/d\/1BgtvLBswKPB8W8lRlAYXJkmEmeV-sVTY\/view?usp=sharing\">Hoja de matr\u00edcula de 4\u00ba de la ESO<\/a><\/p>\n\n\n\n<p><a href=\"https:\/\/docs.google.com\/document\/d\/1AxEfpDgHAYMSJB-Mdk1zvGu0SjPCNd8i\/edit?usp=sharing&amp;ouid=109968877218475245839&amp;rtpof=true&amp;sd=true\" data-type=\"link\" data-id=\"https:\/\/docs.google.com\/document\/d\/1AxEfpDgHAYMSJB-Mdk1zvGu0SjPCNd8i\/edit?usp=sharing&amp;ouid=109968877218475245839&amp;rtpof=true&amp;sd=true\">Normas del centro<\/a><\/p>\n\n\n\n<p><a href=\"https:\/\/docs.google.com\/document\/d\/1u020nlL_ytAGcX1vN9mWr-xn6TChF8sw\/edit?usp=sharing&amp;ouid=109968877218475245839&amp;rtpof=true&amp;sd=true\" data-type=\"link\" data-id=\"https:\/\/docs.google.com\/document\/d\/1u020nlL_ytAGcX1vN9mWr-xn6TChF8sw\/edit?usp=sharing&amp;ouid=109968877218475245839&amp;rtpof=true&amp;sd=true\">Optativas y derecho a la imagen 4\u00ba de la ESO<\/a><\/p>\n\n\n\n<p><a href=\"https:\/\/docs.google.com\/document\/d\/1JCmBLyEY0ei5Q3DO9NxgOFmwBWi18-KB\/edit?usp=sharing&amp;ouid=109968877218475245839&amp;rtpof=true&amp;sd=true\" data-type=\"link\" data-id=\"https:\/\/docs.google.com\/document\/d\/1JCmBLyEY0ei5Q3DO9NxgOFmwBWi18-KB\/edit?usp=sharing&amp;ouid=109968877218475245839&amp;rtpof=true&amp;sd=true\">Optativas de 4\u00ba de Diversificaci\u00f3n<\/a><\/p>\n\n\n\n<p><\/p>\n\n\n\n<p>MATR\u00cdCULA DE 1\u00ba DE BACHILLERATO<\/p>\n\n\n\n<p><a href=\"https:\/\/docs.google.com\/document\/d\/10NbFQYeK2ZyGRnaHJMvQSbkeNbDSQTn8\/edit?usp=sharing&amp;ouid=105152722228626853113&amp;rtpof=true&amp;sd=true\" data-type=\"URL\" data-id=\"https:\/\/docs.google.com\/document\/d\/10NbFQYeK2ZyGRnaHJMvQSbkeNbDSQTn8\/edit?usp=sharing&amp;ouid=105152722228626853113&amp;rtpof=true&amp;sd=true\">Hoja de inscripci\u00f3n en 1\u00ba de Bachillerato<\/a><\/p>\n\n\n\n<p><a href=\"https:\/\/drive.google.com\/file\/d\/1p3beEyKhg6aDtVlA754D7xL9rXtv7XJa\/view?usp=sharing\" data-type=\"URL\" data-id=\"https:\/\/drive.google.com\/file\/d\/1p3beEyKhg6aDtVlA754D7xL9rXtv7XJa\/view?usp=sharing\">Hoja de matr\u00edcula de 1\u00ba de bachillerato<\/a><\/p>\n\n\n\n<p><a href=\"https:\/\/docs.google.com\/document\/d\/1c8KfWp1kYcKR_dMu3pMEAbTkM4IY4dJd\/edit?usp=sharing&amp;ouid=105152722228626853113&amp;rtpof=true&amp;sd=true\" data-type=\"URL\" data-id=\"https:\/\/docs.google.com\/document\/d\/1c8KfWp1kYcKR_dMu3pMEAbTkM4IY4dJd\/edit?usp=sharing&amp;ouid=105152722228626853113&amp;rtpof=true&amp;sd=true\">Normas del centro<\/a><\/p>\n\n\n\n<p><a href=\"https:\/\/docs.google.com\/document\/d\/1Zop89ValcZcJn2_kH0RCOpu-YzrHK2cZ\/edit?usp=sharing&amp;ouid=105152722228626853113&amp;rtpof=true&amp;sd=true\" data-type=\"URL\" data-id=\"https:\/\/docs.google.com\/document\/d\/1Zop89ValcZcJn2_kH0RCOpu-YzrHK2cZ\/edit?usp=sharing&amp;ouid=105152722228626853113&amp;rtpof=true&amp;sd=true\">Optativas de 1\u00ba de Bachillerato<\/a><\/p>\n\n\n\n<p><\/p>\n\n\n\n<p>MATR\u00cdCULA DE 2\u00ba DE BACHILLERATO<\/p>\n\n\n\n<p><a href=\"https:\/\/docs.google.com\/document\/d\/17QRaDptQ4V9GZ7_XOSsOBGUhBqdR58jL\/edit?usp=sharing&amp;ouid=105152722228626853113&amp;rtpof=true&amp;sd=true\" data-type=\"URL\" data-id=\"https:\/\/docs.google.com\/document\/d\/17QRaDptQ4V9GZ7_XOSsOBGUhBqdR58jL\/edit?usp=sharing&amp;ouid=105152722228626853113&amp;rtpof=true&amp;sd=true\">Hoja de inscripci\u00f3n en 2\u00ba de Bachillerato<\/a><\/p>\n\n\n\n<p><a href=\"https:\/\/drive.google.com\/file\/d\/1fIbIXJilvPzI4zQJj4zNkv8wG50_FOS2\/view?usp=sharing\" data-type=\"URL\" data-id=\"https:\/\/drive.google.com\/file\/d\/1fIbIXJilvPzI4zQJj4zNkv8wG50_FOS2\/view?usp=sharing\">Hoja de matr\u00edcula de 2\u00ba de bachillerato<\/a><\/p>\n\n\n\n<p><a href=\"https:\/\/docs.google.com\/document\/d\/1GS0c3owmEeVqj0052fYOJa2o9DjJFhIT\/edit?usp=sharing&amp;ouid=105152722228626853113&amp;rtpof=true&amp;sd=true\" data-type=\"URL\" data-id=\"https:\/\/docs.google.com\/document\/d\/1GS0c3owmEeVqj0052fYOJa2o9DjJFhIT\/edit?usp=sharing&amp;ouid=105152722228626853113&amp;rtpof=true&amp;sd=true\">Normas del centro<\/a><\/p>\n\n\n\n<p><a href=\"https:\/\/docs.google.com\/document\/d\/1by8zSScq53S0mskRsV_CLfoX1UuL_5u1\/edit?usp=sharing&amp;ouid=105152722228626853113&amp;rtpof=true&amp;sd=true\" data-type=\"URL\" data-id=\"https:\/\/docs.google.com\/document\/d\/1by8zSScq53S0mskRsV_CLfoX1UuL_5u1\/edit?usp=sharing&amp;ouid=105152722228626853113&amp;rtpof=true&amp;sd=true\">Optativas de 2\u00ba de Bachillerato<\/a><\/p>\n\n\n\n<p><\/p>\n\n\n\n<p><\/p>\n\n\n\n<p><strong><mark style=\"background-color:rgba(0, 0, 0, 0)\" class=\"has-inline-color has-vivid-red-color\">CALENDARIO MATRICULACI\u00d3N FP GRADO MEDIO<\/mark><\/strong><\/p>\n\n\n\n<div data-wp-interactive=\"core\/file\" class=\"wp-block-file\"><object data-wp-bind--hidden=\"!state.hasPdfPreview\" hidden class=\"wp-block-file__embed\" data=\"http:\/\/iesfuentealta.com\/wp-content\/uploads\/2024\/06\/Calendario-matriculacion-FPGMedio.pdf\" type=\"application\/pdf\" style=\"width:100%;height:600px\" aria-label=\"Incrustado de Calendario-matriculacion-FPGMedio.\"><\/object><a id=\"wp-block-file--media-9e69490d-8955-4bfa-858c-4576e0afcc2e\" href=\"http:\/\/iesfuentealta.com\/wp-content\/uploads\/2024\/06\/Calendario-matriculacion-FPGMedio.pdf\">Calendario-matriculacion-FPGMedio<\/a><a href=\"http:\/\/iesfuentealta.com\/wp-content\/uploads\/2024\/06\/Calendario-matriculacion-FPGMedio.pdf\" class=\"wp-block-file__button wp-element-button\" download aria-describedby=\"wp-block-file--media-9e69490d-8955-4bfa-858c-4576e0afcc2e\">Descarga<\/a><\/div>\n\n\n\n<p><\/p>\n\n\n\n<p><\/p>\n\n\n\n<p><span style=\"background-color:rgba(0, 0, 0, 0)\" class=\"has-inline-color has-vivid-red-color\"><strong>Matriculaci\u00f3n <em>on line<\/em>:<\/strong><\/span> Para presentar la documentaci\u00f3n v\u00eda telem\u00e1tica debe entrar en Secretar\u00eda virtual de la Junta de Andaluc\u00eda Virtual \/Solicitudes\/Tr\u00e1mites Generales\/Presentaci\u00f3n Electr\u00f3nica General en Centros Educativos y una vez ah\u00ed acceder con su clave de iPasen o certificado digital y adjuntar los documentos PREVIAMENTE ESCANEADOS<\/p>\n","protected":false},"excerpt":{"rendered":"<p>La ventanilla abre todos los d\u00edas de 09:00 a 10:00 y de 12:00 a 13:00 horas. MATRICULACI\u00d3N Servicios complementarios: y La documentaci\u00f3n que proceda de la que se ofrece a continuaci\u00f3n: MATR\u00cdCULA DE 1\u00ba ESO Documentaci\u00f3n a aportar en 1\u00ba de la ESO Hoja de matr\u00edcula de 1\u00ba de la ESO Normas del centro Optativa y derecho a la imagen 1\u00ba de la ESO MATR\u00cdCULA DE 2\u00ba ESO Documentaci\u00f3n a aportar en 2\u00ba de la ESO Hoja de matr\u00edcula de 2\u00ba de la ESO Normas del centro Optativas y derecho a la imagen 2\u00ba de la ESO MATR\u00cdCULA DE 3\u00ba ESO Documentaci\u00f3n a aportar en 3\u00ba de la ESO Hoja de matr\u00edcula de 3\u00ba de la ESO Normas del centro Optativas y derecho a la imagen 3\u00ba de la ESO MATR\u00cdCULA DE 4\u00ba ESO Documentaci\u00f3n a aportar en 4\u00ba de la ESO Hoja de matr\u00edcula de 4\u00ba de la ESO Normas del centro Optativas y derecho a la imagen 4\u00ba de la ESO Optativas de 4\u00ba de Diversificaci\u00f3n MATR\u00cdCULA DE 1\u00ba DE BACHILLERATO Hoja de inscripci\u00f3n en 1\u00ba de Bachillerato Hoja de matr\u00edcula de 1\u00ba de bachillerato Normas del centro Optativas de 1\u00ba de Bachillerato MATR\u00cdCULA DE 2\u00ba DE BACHILLERATO Hoja de inscripci\u00f3n en 2\u00ba de Bachillerato Hoja de matr\u00edcula de 2\u00ba de bachillerato Normas del centro Optativas de 2\u00ba de Bachillerato CALENDARIO MATRICULACI\u00d3N FP GRADO MEDIO Matriculaci\u00f3n on line: Para presentar la documentaci\u00f3n v\u00eda telem\u00e1tica debe entrar en Secretar\u00eda virtual de la Junta de Andaluc\u00eda Virtual \/Solicitudes\/Tr\u00e1mites Generales\/Presentaci\u00f3n Electr\u00f3nica General en Centros Educativos y una vez ah\u00ed acceder con su clave de iPasen o certificado digital y adjuntar los documentos PREVIAMENTE ESCANEADOS<\/p>\n","protected":false},"author":1,"featured_media":0,"parent":0,"menu_order":0,"comment_status":"closed","ping_status":"closed","template":"","meta":{"_uag_custom_page_level_css":"","site-sidebar-layout":"default","site-content-layout":"","ast-site-content-layout":"default","site-content-style":"default","site-sidebar-style":"default","ast-global-header-display":"","ast-banner-title-visibility":"","ast-main-header-display":"","ast-hfb-above-header-display":"","ast-hfb-below-header-display":"","ast-hfb-mobile-header-display":"","site-post-title":"","ast-breadcrumbs-content":"","ast-featured-img":"","footer-sml-layout":"","ast-disable-related-posts":"","theme-transparent-header-meta":"","adv-header-id-meta":"","stick-header-meta":"","header-above-stick-meta":"","header-main-stick-meta":"","header-below-stick-meta":"","astra-migrate-meta-layouts":"default","ast-page-background-enabled":"default","ast-page-background-meta":{"desktop":{"background-color":"var(--ast-global-color-5)","background-image":"","background-repeat":"repeat","background-position":"center center","background-size":"auto","background-attachment":"scroll","background-type":"","background-media":"","overlay-type":"","overlay-color":"","overlay-opacity":"","overlay-gradient":""},"tablet":{"background-color":"","background-image":"","background-repeat":"repeat","background-position":"center center","background-size":"auto","background-attachment":"scroll","background-type":"","background-media":"","overlay-type":"","overlay-color":"","overlay-opacity":"","overlay-gradient":""},"mobile":{"background-color":"","background-image":"","background-repeat":"repeat","background-position":"center center","background-size":"auto","background-attachment":"scroll","background-type":"","background-media":"","overlay-type":"","overlay-color":"","overlay-opacity":"","overlay-gradient":""}},"ast-content-background-meta":{"desktop":{"background-color":"var(--ast-global-color-4)","background-image":"","background-repeat":"repeat","background-position":"center center","background-size":"auto","background-attachment":"scroll","background-type":"","background-media":"","overlay-type":"","overlay-color":"","overlay-opacity":"","overlay-gradient":""},"tablet":{"background-color":"var(--ast-global-color-4)","background-image":"","background-repeat":"repeat","background-position":"center center","background-size":"auto","background-attachment":"scroll","background-type":"","background-media":"","overlay-type":"","overlay-color":"","overlay-opacity":"","overlay-gradient":""},"mobile":{"background-color":"var(--ast-global-color-4)","background-image":"","background-repeat":"repeat","background-position":"center center","background-size":"auto","background-attachment":"scroll","background-type":"","background-media":"","overlay-type":"","overlay-color":"","overlay-opacity":"","overlay-gradient":""}},"footnotes":""},"class_list":["post-1883","page","type-page","status-publish","hentry"],"uagb_featured_image_src":{"full":false,"thumbnail":false,"medium":false,"medium_large":false,"large":false,"1536x1536":false,"2048x2048":false},"uagb_author_info":{"display_name":"admin7083","author_link":"https:\/\/iesfuentealta.com\/index.php\/author\/admin7083\/"},"uagb_comment_info":0,"uagb_excerpt":"La ventanilla abre todos los d\u00edas de 09:00 a 10:00 y de 12:00 a 13:00 horas. MATRICULACI\u00d3N Servicios complementarios: y La documentaci\u00f3n que proceda de la que se ofrece a continuaci\u00f3n: MATR\u00cdCULA DE 1\u00ba ESO Documentaci\u00f3n a aportar en 1\u00ba de la ESO Hoja de matr\u00edcula de 1\u00ba de la ESO Normas del centro Optativa&hellip;","_links":{"self":[{"href":"https:\/\/iesfuentealta.com\/index.php\/wp-json\/wp\/v2\/pages\/1883","targetHints":{"allow":["GET"]}}],"collection":[{"href":"https:\/\/iesfuentealta.com\/index.php\/wp-json\/wp\/v2\/pages"}],"about":[{"href":"https:\/\/iesfuentealta.com\/index.php\/wp-json\/wp\/v2\/types\/page"}],"author":[{"embeddable":true,"href":"https:\/\/iesfuentealta.com\/index.php\/wp-json\/wp\/v2\/users\/1"}],"replies":[{"embeddable":true,"href":"https:\/\/iesfuentealta.com\/index.php\/wp-json\/wp\/v2\/comments?post=1883"}],"version-history":[{"count":0,"href":"https:\/\/iesfuentealta.com\/index.php\/wp-json\/wp\/v2\/pages\/1883\/revisions"}],"wp:attachment":[{"href":"https:\/\/iesfuentealta.com\/index.php\/wp-json\/wp\/v2\/media?parent=1883"}],"curies":[{"name":"wp","href":"https:\/\/api.w.org\/{rel}","templated":true}]}}